{"id":540,"date":"2021-03-29T09:50:16","date_gmt":"2021-03-29T07:50:16","guid":{"rendered":"http:\/\/dstrct.diorama.link\/?page_id=540"},"modified":"2024-07-29T16:11:13","modified_gmt":"2024-07-29T14:11:13","slug":"old-halls","status":"publish","type":"page","link":"https:\/\/dstrctberlin.com\/de\/old-halls\/","title":{"rendered":"Alte Hallen"},"content":{"rendered":"\n\n<section id=\"\" class=\"text--image promo\" style=\"background-color: #fcf8f7;\">\n\t<div class=\"container\">\n\t\t<div class=\"row\">\n\t\t\t<div class=\"flex  height\">\n\t\t\t\t<div class=\"text--content \">\n\t\t\t\t\t<div class=\"overline\">DSTRCT.BERLIN<\/div>\n\t\t\t\t\t<h1><strong>Alte Hallen<\/strong><\/h1>\n<p>Moderner Arbeitsraum hat sich entwickelt. Historische Hallen, welche einst zentraler Lagerplatz f\u00fcr Berlin waren, werden nun zu einer modernen und einzigartigen B\u00fcroumgebung f\u00fcr kreative und aufgeschlossene Mitarbeiter revitalisiert. Ein \u00e4u\u00dferst interessantes Objekt f\u00fcr alle Unternehmen, die sich abheben m\u00f6chten.<\/p>\n\t\t\t\t\t\t\t\t\t\t\t\t\t<a href=\"#1\" class=\"btn primary download\" target=\"_self\">B\u00fcrohallen<\/a>\n\t\t\t\t\t\t\t\t<hr>\n\t\t\t\t\t\t\t                    <div class=\"icons\">\n\t\t\t\t\t                    <\/div>\n                    \t\t\t\t<\/div>\n\t\t\t<\/div>\n\t\t<\/div>\n\t<\/div>\n\t<div class=\"block\">\n\t\t<img decoding=\"async\" loading=\"lazy\" src=\"https:\/\/dstrctberlin.com\/wp-content\/uploads\/2024\/07\/DSTRCTberlin-office-hall_AWIN_HGEsch.jpg\" alt=\"\" \/>\n\t<\/div>\n<\/section>\n\n\n\n<section id=\"1\" class=\"text--slider\" style=\"background-color: #f6efea;\">\n\t<div class=\"container\">\n\t\t<div class=\"row\">\n\t\t\t<div class=\"content \">\n\t\t\t\t<div class=\"overline\">B\u00fcros in den Alten Hallen<\/div>\t\t\t\t<h1><strong>Benefits<\/strong> <strong>der B\u00fcrohallen<\/strong><\/h1>\n<p>Schlie\u00dfen Sie sich dem neuen Wohlf\u00fchl-Vibe im DSTRCT.Berlin an. Die inspirierende Geschichte der Backsteingeb\u00e4ude steht nun kreativen K\u00f6pfen, Querdenkern und aktiven Menschen zur Verf\u00fcgung, die auf der Suche nach einer einzigartigen Arbeitsatmosph\u00e4re mit Charakter sind.<\/p>\n\t\t\t<\/div>\n\t\t<\/div>\n\t<\/div>\n\t<div class=\"slider--wrapper\">\n\t\t<div class=\"slider\">\n\t\t\t\t\t\t\t\t\t<div class=\"item\">\n\t\t\t\t\t\t\t<div class=\"wrapper\">\n\t\t\t\t\t\t\t\t<div class=\"image\">\n\t\t\t\t\t\t\t\t\t<img decoding=\"async\" src=\"https:\/\/dstrctberlin.com\/wp-content\/uploads\/2024\/07\/DSTRCTberlin-old-and-new_HG-Esch.jpg\" alt=\"\" \/>\n\t\t\t\t\t\t\t\t<\/div>\n\t\t\t\t\t\t\t\t<div class=\"text\">\n\t\t\t\t\t\t\t\t\t<h3 class=\"primary\">Historischer Look &#038; Feel<\/h3>\n\t\t\t\t\t\t\t\t\t<p>Der Charme ehemaliger Industriegeb\u00e4ude verschmilzt mit einer hochmodernen B\u00fcrol\u00f6sung zu einem perfekten Arbeitsplatz.<\/p>\n\t\t\t\t\t\t\t\t<\/div>\n\t\t\t\t\t\t\t<\/div>\n\t\t\t\t\t\t<\/div>\n\t\t\t\t\t\t\t\t\t\t\t<div class=\"item\">\n\t\t\t\t\t\t\t<div class=\"wrapper\">\n\t\t\t\t\t\t\t\t<div class=\"image\">\n\t\t\t\t\t\t\t\t\t<img decoding=\"async\" src=\"https:\/\/dstrctberlin.com\/wp-content\/uploads\/2024\/07\/JR_Friedrichshain_Freihantelbereich-scaled.jpg\" alt=\"\" \/>\n\t\t\t\t\t\t\t\t<\/div>\n\t\t\t\t\t\t\t\t<div class=\"text\">\n\t\t\t\t\t\t\t\t\t<h3 class=\"primary\">Authentischer Einzelhandel, Gastronomie und Dienstleistungen<\/h3>\n\t\t\t\t\t\t\t\t\t<p>DSTRCT befindet sich in einem pulsierenden Viertel, welches sowohl alteingesessene als auch neue Einzelhandel-, Gastronomie- und Sportangebote bietet.<\/p>\n\t\t\t\t\t\t\t\t<\/div>\n\t\t\t\t\t\t\t<\/div>\n\t\t\t\t\t\t<\/div>\n\t\t\t\t\t\t\t\t\t\t\t<div class=\"item\">\n\t\t\t\t\t\t\t<div class=\"wrapper\">\n\t\t\t\t\t\t\t\t<div class=\"image\">\n\t\t\t\t\t\t\t\t\t<img decoding=\"async\" src=\"https:\/\/dstrctberlin.com\/wp-content\/uploads\/2024\/07\/EP04219-0157_AWIN.jpg\" alt=\"\" \/>\n\t\t\t\t\t\t\t\t<\/div>\n\t\t\t\t\t\t\t\t<div class=\"text\">\n\t\t\t\t\t\t\t\t\t<h3 class=\"primary\">Komfortabel f\u00fcr jede Art von Unternehmen<\/h3>\n\t\t\t\t\t\t\t\t\t<p>In kurzer Zeit werden diese gesch\u00e4ftigen Hallen gef\u00fcllt sein mit Startup-Teams, die weltver\u00e4ndernde Ideen entwickeln, wilden Kreativen oder auch Architekten, welche in aller Ruhe Pl\u00e4ne f\u00fcr die n\u00e4chsten preisgekr\u00f6nten Projekte zeichnen.<\/p>\n\t\t\t\t\t\t\t\t<\/div>\n\t\t\t\t\t\t\t<\/div>\n\t\t\t\t\t\t<\/div>\n\t\t\t\t\t\t\t\t\t\t\t<div class=\"item\">\n\t\t\t\t\t\t\t<div class=\"wrapper\">\n\t\t\t\t\t\t\t\t<div class=\"image\">\n\t\t\t\t\t\t\t\t\t<img decoding=\"async\" src=\"https:\/\/dstrctberlin.com\/wp-content\/uploads\/2024\/07\/DSC_5263-1.jpg\" alt=\"\" \/>\n\t\t\t\t\t\t\t\t<\/div>\n\t\t\t\t\t\t\t\t<div class=\"text\">\n\t\t\t\t\t\t\t\t\t<h3 class=\"primary\">Variabel dank digitaler L\u00f6sungen<\/h3>\n\t\t\t\t\t\t\t\t\t<p>Wir sind hier, um Ihnen zu helfen, Ihre eigene smarte, zukunftsorientierte, gesunde und produktive Arbeitsumgebung zu kreieren sowie Ihre t\u00e4glichen Routinen zu erleichtern.<\/p>\n\t\t\t\t\t\t\t\t<\/div>\n\t\t\t\t\t\t\t<\/div>\n\t\t\t\t\t\t<\/div>\n\t\t\t\t\t\t\t\t\t\t\t<div class=\"item\">\n\t\t\t\t\t\t\t<div class=\"wrapper\">\n\t\t\t\t\t\t\t\t<div class=\"image\">\n\t\t\t\t\t\t\t\t\t<img decoding=\"async\" src=\"https:\/\/dstrctberlin.com\/wp-content\/uploads\/2024\/07\/FDLM1-scaled.jpeg\" alt=\"\" \/>\n\t\t\t\t\t\t\t\t<\/div>\n\t\t\t\t\t\t\t\t<div class=\"text\">\n\t\t\t\t\t\t\t\t\t<h3 class=\"primary\">Aktiv nach regul\u00e4ren Gesch\u00e4ftszeiten<\/h3>\n\t\t\t\t\t\t\t\t\t<p>Die Nachbarschaft von DSTRCT.Berlin schl\u00e4ft nie. Sportm\u00f6glichkeiten, aufregende Abendessen und Cocktails oder auch entspannte Spazierg\u00e4nge im Volkspark Friedrichshain sind lediglich ein Steinwurf entfernt.<\/p>\n\t\t\t\t\t\t\t\t<\/div>\n\t\t\t\t\t\t\t<\/div>\n\t\t\t\t\t\t<\/div>\n\t\t\t\t\t\t\t<\/div>\n\t<\/div>\n<\/section>\n\n\n\n<section id=\"\" class=\"text--image\" style=\"background-color: #f1e5dd;\">\n\t<div class=\"container\">\n\t\t<div class=\"row\">\n\t\t\t<div class=\"flex  height\">\n\t\t\t\t<div class=\"text--content \">\n\t\t\t\t\t<div class=\"overline\">B\u00fcros in den Alten Hallen<\/div>\n\t\t\t\t\t<h1><strong>Stilvolles Arbeitsnest<\/strong><\/h1>\n<p>Der charakteristische Charme des historischen Viertels blieb nicht nur in den alten, roten Backsteinmauern erhalten. Enorm hohe Decken und gro\u00dfe Fenster\u00f6ffnungen lassen das Sonnenlicht tief in die Innenr\u00e4ume eindringen und verleihen den Hallen eine atemberaubende Arbeitsatmosph\u00e4re. Mit einer Gesamtfl\u00e4che von mehr als 4.300 m\u00b2 in einer Kombination aus zwei alten Hallen und einem Verbindungsbau und dank der digitalen L\u00f6sungen bietet das Geb\u00e4ude variable M\u00f6glichkeiten f\u00fcr kreatives sowie zukunftsorientiertes Arbeiten.<\/p>\n\t\t\t\t\t                    <div class=\"icons\">\n\t\t\t\t\t                    <\/div>\n                    \t\t\t\t<\/div>\n\t\t\t<\/div>\n\t\t<\/div>\n\t<\/div>\n\t<div class=\"block\">\n\t\t<img decoding=\"async\" loading=\"lazy\" src=\"https:\/\/dstrctberlin.com\/wp-content\/uploads\/2024\/07\/EP04219-0157_AWIN.jpg\" alt=\"\" \/>\n\t<\/div>\n<\/section>\n\n\n\n<section id=\"\" class=\"columns\" style=\"background-color: #f6efea; \">\n\t<div class=\"container\">\n\t\t<div class=\"row\">\n\t\t\t<h2>Wichtige Fakten der B\u00fcros in den Alten Hallen<\/h2>\n\t\t\t<div class=\"flex\">\n\t\t\t\t\t\t\t\t\t\t\t<div class=\"item\">\n\t\t\t\t\t\t\t\t<h4>Gesamtfl\u00e4che von 4.330 m\u00b2<\/h4>\n<hr \/>\n<h4>Bis zu 250 Arbeitspl\u00e4tze<\/h4>\n<hr \/>\n<h4>Deckenh\u00f6he bis zu 9 m<\/h4>\n<hr \/>\n<h4>Vollklimatisiert<\/h4>\n<hr \/>\n\t\t\t\t\t\t\t<\/div>\n\t\t\t\t\t\t\t\t\t\t\t\t\t<div class=\"item\">\n\t\t\t\t\t\t\t\t<h4>Zwei Haupteing\u00e4nge<\/h4>\n<hr \/>\n<h4>Garten und Dachterrasse<\/h4>\n<hr \/>\n<h4>\u00dcber 1.000 m\u00b2 Freifl\u00e4che<\/h4>\n<hr \/>\n<h4>Galeriefl\u00e4chen f\u00fcr einzigartige B\u00fcros<\/h4>\n<hr \/>\n\t\t\t\t\t\t\t<\/div>\n\t\t\t\t\t\t\t\t\t<\/div>\n\t\t<\/div>\n\t<\/div>\n<\/section>\n\n\n<section id=\"\" class=\"gallery--slider\" style=\"background-color: #f1e5dd;\">\n\t<div class=\"slider--wrapper\">\n\t\t<h2>Galerie der Alten Hallen<\/h2>\n\t\t<div class=\"slider\">\n\t\t\t\t\t\t\t\t\t<div class=\"item\">\n\t\t\t\t\t\t\t<div class=\"wrapper\">\n\t\t\t\t\t\t\t\t<div class=\"image\">\n\t\t\t\t\t\t\t\t\t<img decoding=\"async\" src=\"https:\/\/dstrctberlin.com\/wp-content\/uploads\/2023\/02\/EP04219-0175_AWIN.jpg\" alt=\"\" \/>\n\t\t\t\t\t\t\t\t<\/div>\n\t\t\t\t\t\t\t<\/div>\n\t\t\t\t\t\t<\/div>\n\t\t\t\t\t\t\t\t\t\t\t<div class=\"item\">\n\t\t\t\t\t\t\t<div class=\"wrapper\">\n\t\t\t\t\t\t\t\t<div class=\"image\">\n\t\t\t\t\t\t\t\t\t<img decoding=\"async\" src=\"https:\/\/dstrctberlin.com\/wp-content\/uploads\/2022\/08\/CK1_5165_HDR-scaled.jpeg\" alt=\"\" \/>\n\t\t\t\t\t\t\t\t<\/div>\n\t\t\t\t\t\t\t<\/div>\n\t\t\t\t\t\t<\/div>\n\t\t\t\t\t\t\t\t\t\t\t<div class=\"item\">\n\t\t\t\t\t\t\t<div class=\"wrapper\">\n\t\t\t\t\t\t\t\t<div class=\"image\">\n\t\t\t\t\t\t\t\t\t<img decoding=\"async\" src=\"https:\/\/dstrctberlin.com\/wp-content\/uploads\/2023\/02\/EP04219-0159_AWIN.jpg\" alt=\"\" \/>\n\t\t\t\t\t\t\t\t<\/div>\n\t\t\t\t\t\t\t<\/div>\n\t\t\t\t\t\t<\/div>\n\t\t\t\t\t\t\t\t\t\t\t<div class=\"item\">\n\t\t\t\t\t\t\t<div class=\"wrapper\">\n\t\t\t\t\t\t\t\t<div class=\"image\">\n\t\t\t\t\t\t\t\t\t<img decoding=\"async\" src=\"https:\/\/dstrctberlin.com\/wp-content\/uploads\/2022\/12\/EP04219-0182.jpg\" alt=\"\" \/>\n\t\t\t\t\t\t\t\t<\/div>\n\t\t\t\t\t\t\t<\/div>\n\t\t\t\t\t\t<\/div>\n\t\t\t\t\t\t\t\t\t\t\t<div class=\"item\">\n\t\t\t\t\t\t\t<div class=\"wrapper\">\n\t\t\t\t\t\t\t\t<div class=\"image\">\n\t\t\t\t\t\t\t\t\t<img decoding=\"async\" src=\"https:\/\/dstrctberlin.com\/wp-content\/uploads\/2024\/07\/EP04219-0176_AWIN.jpg\" alt=\"\" \/>\n\t\t\t\t\t\t\t\t<\/div>\n\t\t\t\t\t\t\t<\/div>\n\t\t\t\t\t\t<\/div>\n\t\t\t\t\t\t\t\t\t\t\t<div class=\"item\">\n\t\t\t\t\t\t\t<div class=\"wrapper\">\n\t\t\t\t\t\t\t\t<div class=\"image\">\n\t\t\t\t\t\t\t\t\t<img decoding=\"async\" src=\"https:\/\/dstrctberlin.com\/wp-content\/uploads\/2024\/07\/JR_Friedrichshain_Lounge-1-scaled.jpg\" alt=\"\" \/>\n\t\t\t\t\t\t\t\t<\/div>\n\t\t\t\t\t\t\t<\/div>\n\t\t\t\t\t\t<\/div>\n\t\t\t\t\t\t\t\t\t\t\t<div class=\"item\">\n\t\t\t\t\t\t\t<div class=\"wrapper\">\n\t\t\t\t\t\t\t\t<div class=\"image\">\n\t\t\t\t\t\t\t\t\t<img decoding=\"async\" src=\"https:\/\/dstrctberlin.com\/wp-content\/uploads\/2024\/07\/DSTRCTberlin-evening_HGEsch-scaled.jpg\" alt=\"\" \/>\n\t\t\t\t\t\t\t\t<\/div>\n\t\t\t\t\t\t\t<\/div>\n\t\t\t\t\t\t<\/div>\n\t\t\t\t\t\t\t\t\t\t\t<div class=\"item\">\n\t\t\t\t\t\t\t<div class=\"wrapper\">\n\t\t\t\t\t\t\t\t<div class=\"image\">\n\t\t\t\t\t\t\t\t\t<img decoding=\"async\" src=\"https:\/\/dstrctberlin.com\/wp-content\/uploads\/2022\/11\/EP04219-0028-scaled.jpg\" alt=\"\" \/>\n\t\t\t\t\t\t\t\t<\/div>\n\t\t\t\t\t\t\t<\/div>\n\t\t\t\t\t\t<\/div>\n\t\t\t\t\t\t\t<\/div>\n\t<\/div>\n<\/section>","protected":false},"excerpt":{"rendered":"","protected":false},"author":1,"featured_media":0,"parent":0,"menu_order":0,"comment_status":"closed","ping_status":"closed","template":"","meta":{"_acf_changed":false,"inline_featured_image":false,"footnotes":""},"class_list":["post-540","page","type-page","status-publish","hentry"],"acf":[],"yoast_head":"<!-- This site is optimized with the Yoast SEO plugin v27.3 - https:\/\/yoast.com\/product\/yoast-seo-wordpress\/ -->\n<title>Alte Hallen - DSTRCT.Berlin<\/title>\n<meta name=\"description\" content=\"Die Alten Hallen mit ihrer bemerkenswerten Atmosph\u00e4re gliedern sich in drei Hallen f\u00fcr eine produktive B\u00fcroumgebung sowie in eine gro\u00dfz\u00fcgige Markthalle.\" \/>\n<meta name=\"robots\" content=\"index, follow, max-snippet:-1, max-image-preview:large, max-video-preview:-1\" \/>\n<link rel=\"canonical\" href=\"https:\/\/dstrctberlin.com\/de\/old-halls\/\" \/>\n<meta property=\"og:locale\" content=\"de_DE\" \/>\n<meta property=\"og:type\" content=\"article\" \/>\n<meta property=\"og:title\" content=\"Alte Hallen - DSTRCT.Berlin\" \/>\n<meta property=\"og:description\" content=\"Die Alten Hallen mit ihrer bemerkenswerten Atmosph\u00e4re gliedern sich in drei Hallen f\u00fcr eine produktive B\u00fcroumgebung sowie in eine gro\u00dfz\u00fcgige Markthalle.\" \/>\n<meta property=\"og:url\" content=\"https:\/\/dstrctberlin.com\/de\/old-halls\/\" \/>\n<meta property=\"og:site_name\" content=\"DSTRCT.Berlin\" \/>\n<meta property=\"article:modified_time\" content=\"2024-07-29T14:11:13+00:00\" \/>\n<meta property=\"og:image\" content=\"https:\/\/dstrctberlin.com\/wp-content\/uploads\/2021\/03\/screenshot.png\" \/>\n\t<meta property=\"og:image:width\" content=\"1200\" \/>\n\t<meta property=\"og:image:height\" content=\"640\" \/>\n\t<meta property=\"og:image:type\" content=\"image\/png\" \/>\n<meta name=\"twitter:card\" content=\"summary_large_image\" \/>\n<script type=\"application\/ld+json\" class=\"yoast-schema-graph\">{\"@context\":\"https:\\\/\\\/schema.org\",\"@graph\":[{\"@type\":\"WebPage\",\"@id\":\"https:\\\/\\\/dstrctberlin.com\\\/de\\\/old-halls\\\/\",\"url\":\"https:\\\/\\\/dstrctberlin.com\\\/de\\\/old-halls\\\/\",\"name\":\"Alte Hallen - DSTRCT.Berlin\",\"isPartOf\":{\"@id\":\"https:\\\/\\\/dstrctberlin.com\\\/de\\\/#website\"},\"datePublished\":\"2021-03-29T07:50:16+00:00\",\"dateModified\":\"2024-07-29T14:11:13+00:00\",\"description\":\"Die Alten Hallen mit ihrer bemerkenswerten Atmosph\u00e4re gliedern sich in drei Hallen f\u00fcr eine produktive B\u00fcroumgebung sowie in eine gro\u00dfz\u00fcgige Markthalle.\",\"breadcrumb\":{\"@id\":\"https:\\\/\\\/dstrctberlin.com\\\/de\\\/old-halls\\\/#breadcrumb\"},\"inLanguage\":\"de\",\"potentialAction\":[{\"@type\":\"ReadAction\",\"target\":[\"https:\\\/\\\/dstrctberlin.com\\\/de\\\/old-halls\\\/\"]}]},{\"@type\":\"BreadcrumbList\",\"@id\":\"https:\\\/\\\/dstrctberlin.com\\\/de\\\/old-halls\\\/#breadcrumb\",\"itemListElement\":[{\"@type\":\"ListItem\",\"position\":1,\"name\":\"Home\",\"item\":\"https:\\\/\\\/dstrctberlin.com\\\/de\\\/\"},{\"@type\":\"ListItem\",\"position\":2,\"name\":\"Alte Hallen\"}]},{\"@type\":\"WebSite\",\"@id\":\"https:\\\/\\\/dstrctberlin.com\\\/de\\\/#website\",\"url\":\"https:\\\/\\\/dstrctberlin.com\\\/de\\\/\",\"name\":\"DSTRCT.Berlin\",\"description\":\"Work. Eat. Meet.\",\"potentialAction\":[{\"@type\":\"SearchAction\",\"target\":{\"@type\":\"EntryPoint\",\"urlTemplate\":\"https:\\\/\\\/dstrctberlin.com\\\/de\\\/?s={search_term_string}\"},\"query-input\":{\"@type\":\"PropertyValueSpecification\",\"valueRequired\":true,\"valueName\":\"search_term_string\"}}],\"inLanguage\":\"de\"}]}<\/script>\n<!-- \/ Yoast SEO plugin. -->","yoast_head_json":{"title":"Alte Hallen - DSTRCT.Berlin","description":"Die Alten Hallen mit ihrer bemerkenswerten Atmosph\u00e4re gliedern sich in drei Hallen f\u00fcr eine produktive B\u00fcroumgebung sowie in eine gro\u00dfz\u00fcgige Markthalle.","robots":{"index":"index","follow":"follow","max-snippet":"max-snippet:-1","max-image-preview":"max-image-preview:large","max-video-preview":"max-video-preview:-1"},"canonical":"https:\/\/dstrctberlin.com\/de\/old-halls\/","og_locale":"de_DE","og_type":"article","og_title":"Alte Hallen - DSTRCT.Berlin","og_description":"Die Alten Hallen mit ihrer bemerkenswerten Atmosph\u00e4re gliedern sich in drei Hallen f\u00fcr eine produktive B\u00fcroumgebung sowie in eine gro\u00dfz\u00fcgige Markthalle.","og_url":"https:\/\/dstrctberlin.com\/de\/old-halls\/","og_site_name":"DSTRCT.Berlin","article_modified_time":"2024-07-29T14:11:13+00:00","og_image":[{"width":1200,"height":640,"url":"https:\/\/dstrctberlin.com\/wp-content\/uploads\/2021\/03\/screenshot.png","type":"image\/png"}],"twitter_card":"summary_large_image","schema":{"@context":"https:\/\/schema.org","@graph":[{"@type":"WebPage","@id":"https:\/\/dstrctberlin.com\/de\/old-halls\/","url":"https:\/\/dstrctberlin.com\/de\/old-halls\/","name":"Alte Hallen - DSTRCT.Berlin","isPartOf":{"@id":"https:\/\/dstrctberlin.com\/de\/#website"},"datePublished":"2021-03-29T07:50:16+00:00","dateModified":"2024-07-29T14:11:13+00:00","description":"Die Alten Hallen mit ihrer bemerkenswerten Atmosph\u00e4re gliedern sich in drei Hallen f\u00fcr eine produktive B\u00fcroumgebung sowie in eine gro\u00dfz\u00fcgige Markthalle.","breadcrumb":{"@id":"https:\/\/dstrctberlin.com\/de\/old-halls\/#breadcrumb"},"inLanguage":"de","potentialAction":[{"@type":"ReadAction","target":["https:\/\/dstrctberlin.com\/de\/old-halls\/"]}]},{"@type":"BreadcrumbList","@id":"https:\/\/dstrctberlin.com\/de\/old-halls\/#breadcrumb","itemListElement":[{"@type":"ListItem","position":1,"name":"Home","item":"https:\/\/dstrctberlin.com\/de\/"},{"@type":"ListItem","position":2,"name":"Alte Hallen"}]},{"@type":"WebSite","@id":"https:\/\/dstrctberlin.com\/de\/#website","url":"https:\/\/dstrctberlin.com\/de\/","name":"DSTRCT.Berlin","description":"Work. Eat. Meet.","potentialAction":[{"@type":"SearchAction","target":{"@type":"EntryPoint","urlTemplate":"https:\/\/dstrctberlin.com\/de\/?s={search_term_string}"},"query-input":{"@type":"PropertyValueSpecification","valueRequired":true,"valueName":"search_term_string"}}],"inLanguage":"de"}]}},"_links":{"self":[{"href":"https:\/\/dstrctberlin.com\/de\/wp-json\/wp\/v2\/pages\/540","targetHints":{"allow":["GET"]}}],"collection":[{"href":"https:\/\/dstrctberlin.com\/de\/wp-json\/wp\/v2\/pages"}],"about":[{"href":"https:\/\/dstrctberlin.com\/de\/wp-json\/wp\/v2\/types\/page"}],"author":[{"embeddable":true,"href":"https:\/\/dstrctberlin.com\/de\/wp-json\/wp\/v2\/users\/1"}],"replies":[{"embeddable":true,"href":"https:\/\/dstrctberlin.com\/de\/wp-json\/wp\/v2\/comments?post=540"}],"version-history":[{"count":4,"href":"https:\/\/dstrctberlin.com\/de\/wp-json\/wp\/v2\/pages\/540\/revisions"}],"predecessor-version":[{"id":4253,"href":"https:\/\/dstrctberlin.com\/de\/wp-json\/wp\/v2\/pages\/540\/revisions\/4253"}],"wp:attachment":[{"href":"https:\/\/dstrctberlin.com\/de\/wp-json\/wp\/v2\/media?parent=540"}],"curies":[{"name":"wp","href":"https:\/\/api.w.org\/{rel}","templated":true}]}}