{"id":544,"date":"2021-03-29T10:04:58","date_gmt":"2021-03-29T08:04:58","guid":{"rendered":"http:\/\/dstrct.diorama.link\/?page_id=544"},"modified":"2024-07-29T15:13:45","modified_gmt":"2024-07-29T13:13:45","slug":"gallery","status":"publish","type":"page","link":"https:\/\/dstrctberlin.com\/de\/gallery\/","title":{"rendered":"Galerie"},"content":{"rendered":"\n\n<section id=\"\" class=\"gallery--intro\">\n\t<div class=\"container\">\n\t\t<div class=\"row\">\n\t\t\t<div class=\"overline\">Besuchen Sie schon jetzt virtuell DSTRCT.BERLIN!<\/div>\n\t\t\t<h1>Willkommen in der Zukunft!<\/h1>\n<p>Genie\u00dfen Sie die sonnen\u00fcberfluteten Terrassen, den atemberaubenden Eingangsbereich, das wundervolle Garden Level, die beeindruckende Fahrradgarage, den Charme der historischen Alten Hallen sowie den DSTRCT.market, welcher Sie mit frischen Leckereien verw\u00f6hnen wird.<\/p>\n<h3>Willkommen in der Zukunft \u2013 Willkommen im DSTRCT.Berlin!<\/h3>\n\t\t\t<div class=\"flex\">\n\t\t\t\t\t\t\t\t\t\t\t<div class=\"item tour\">\n\t\t\t\t\t\t\t\t\t\t\t\t\t\t\t\t\t<div class=\"iframe\">\n\t\t\t\t\t\t\t\t\t\t<iframe loading=\"lazy\" src=\"https:\/\/vre.mollyinvr.com\/player\/0ed9b6e5335C2CbAB42B95AE\"><\/iframe>\t\t\t\t\t\t\t\t\t<\/div>\n\t\t\t\t\t\t\t\t\t<div class=\"content\" style=\"background-image: url(https:\/\/dstrctberlin.com\/wp-content\/uploads\/2021\/09\/DSTRCT-market-iPad-virtuell_bearb.jpg)\">\n\t\t\t\t\t\t\t\t\t\t<a href=\"#\" class=\"btn secondary globe\">Klicken Sie hier f\u00fcr die virtuelle Tour durch DSTRCT.Berlin<\/span><\/a>\n\t\t\t\t\t\t\t\t\t<\/div>\n\t\t\t\t\t\t\t\t\t\t\t\t\t\t\t\t<\/div>\n\t\t\t\t\t\t\t\t\t\t\t\t\t<div class=\"item video\">\n\t\t\t\t\t\t\t\t\t\t\t\t\t\t\t\t\t<div class=\"iframe\">\n\t\t\t\t\t\t\t\t\t\t<div class=\"content\">\n\t\t\t\t\t\t\t\t\t\t\t<div class=\"cover\">\n\t\t\t\t\t\t\t\t\t\t\t\t                                                <img decoding=\"async\" loading=\"lazy\" src=\"https:\/\/dstrctberlin.com\/wp-content\/uploads\/2021\/09\/Bildschirmfoto-2021-09-01-um-16.39.26-616x347.png\" srcset=\"https:\/\/dstrctberlin.com\/wp-content\/uploads\/2021\/09\/Bildschirmfoto-2021-09-01-um-16.39.26-1232x694.png\" alt=\"\" \/>\n\t\t\t\t\t\t\t\t\t\t\t<\/div>\n\t\t\t\t\t\t\t\t\t\t\t<div class=\"bottom\">\n\t\t\t\t\t\t\t\t\t\t\t\t<div class=\"btn primary play\">Sp\u00fcren Sie die au\u00dfergew\u00f6hnliche Atmosph\u00e4re im DSTRCT.BERLIN<\/div>\n\t\t\t\t\t\t\t\t\t\t\t<\/div>\n\t\t\t\t\t\t\t\t\t\t<\/div>\n\t\t\t\t\t\t\t\t\t\t<iframe loading=\"lazy\" width=\"560\" height=\"315\" src=\"https:\/\/www.youtube-nocookie.com\/embed\/Vc_tM7qibFY\" title=\"YouTube video player\" frameborder=\"0\" allow=\"accelerometer; autoplay; clipboard-write; encrypted-media; gyroscope; picture-in-picture\" allowfullscreen><\/iframe>\t\t\t\t\t\t\t\t\t<\/div>\n\t\t\t\t\t\t\t\t\t\t\t\t\t\t\t\t<\/div>\n\t\t\t\t\t\t\t\t\t\t\t\t\t<div class=\"item video\">\n\t\t\t\t\t\t\t\t\t\t\t\t\t\t\t\t\t<div class=\"iframe\">\n\t\t\t\t\t\t\t\t\t\t<div class=\"content\">\n\t\t\t\t\t\t\t\t\t\t\t<div class=\"cover\">\n\t\t\t\t\t\t\t\t\t\t\t\t                                                <img decoding=\"async\" loading=\"lazy\" src=\"https:\/\/dstrctberlin.com\/wp-content\/uploads\/2021\/04\/construction-1-616x347.png\" srcset=\"\" alt=\"\" \/>\n\t\t\t\t\t\t\t\t\t\t\t<\/div>\n\t\t\t\t\t\t\t\t\t\t\t<div class=\"bottom\">\n\t\t\t\t\t\t\t\t\t\t\t\t<div class=\"btn primary play\">Beeindruckender Zeitraffer des Baufortschritts von DSTRCT.BERLIN<\/div>\n\t\t\t\t\t\t\t\t\t\t\t<\/div>\n\t\t\t\t\t\t\t\t\t\t<\/div>\n\t\t\t\t\t\t\t\t\t\t<iframe loading=\"lazy\" width=\"560\" height=\"315\" src=\"https:\/\/www.youtube-nocookie.com\/embed\/EQolAGMWd3o?controls=0\" title=\"YouTube video player\" frameborder=\"0\" allow=\"accelerometer; autoplay; clipboard-write; encrypted-media; gyroscope; picture-in-picture\" allowfullscreen><\/iframe>\t\t\t\t\t\t\t\t\t<\/div>\n\t\t\t\t\t\t\t\t\t\t\t\t\t\t\t\t<\/div>\n\t\t\t\t\t\t\t\t\t<\/div>\n\t\t<\/div>\n\t<\/div>\n<\/section>\n\n\n\n<section id=\"\" class=\"gallery\">\n\t<div class=\"container\">\n\t\t<div class=\"row\">\n\t\t\t<div class=\"flex\">\n\t\t\t\t\t\t\t\t\t\t\t<div class=\"item width\">\n\t\t\t\t\t\t\t\t\t\t\t\t\t\t\t\t\t\t<a href=\"https:\/\/dstrctberlin.com\/wp-content\/uploads\/2024\/07\/EP04219-0157_AWIN.jpg\">\n\t\t\t\t\t\t\t\t\t\t\t<img decoding=\"async\" loading=\"lazy\" src=\"https:\/\/dstrctberlin.com\/wp-content\/uploads\/2024\/07\/EP04219-0157_AWIN.jpg\" alt=\"\" \/>\n\t\t\t\t\t\t\t\t\t\t<\/a>\n\t\t\t\t\t\t\t\t\t\t\t\t\t\t\t\t<\/div>\n\t\t\t\t\t\t\t\t\t\t\t\t\t<div class=\"item square\">\n\t\t\t\t\t\t\t\t\t\t\t\t\t\t\t\t\t\t<a href=\"https:\/\/dstrctberlin.com\/wp-content\/uploads\/2022\/08\/CK1_5239_HDR-scaled.jpeg\">\n\t\t\t\t\t\t\t\t\t\t\t<img decoding=\"async\" loading=\"lazy\" src=\"https:\/\/dstrctberlin.com\/wp-content\/uploads\/2022\/08\/CK1_5239_HDR-scaled.jpeg\" alt=\"\" \/>\n\t\t\t\t\t\t\t\t\t\t<\/a>\n\t\t\t\t\t\t\t\t\t\t\t\t\t\t\t\t<\/div>\n\t\t\t\t\t\t\t\t\t\t\t\t\t<div class=\"item square\">\n\t\t\t\t\t\t\t\t\t\t\t\t\t\t\t\t\t\t<div class=\"text\">\n\t\t\t\t\t\t\t\t\t\t\t<h3>Die lichtdurchflutete Glasarchitektur l\u00e4sst nat\u00fcrliches Licht in das gesamte B\u00fcro eindringen. Dies beugt Erm\u00fcdung und Kopfschmerz vor, verbessert die Produktivit\u00e4t und f\u00fchrt zu positiver Stimmung sowie Wohlbefinden.<\/h3>\n\t\t\t\t\t\t\t\t\t\t<\/div>\n\t\t\t\t\t\t\t\t\t\t\t\t\t\t\t\t<\/div>\n\t\t\t\t\t\t\t\t\t\t\t\t\t<div class=\"item width\">\n\t\t\t\t\t\t\t\t\t\t\t\t\t\t\t\t\t\t<a href=\"https:\/\/dstrctberlin.com\/wp-content\/uploads\/2024\/07\/DSTRCTberlin-lounge-home24_HGEsch-1.jpg\">\n\t\t\t\t\t\t\t\t\t\t\t<img decoding=\"async\" loading=\"lazy\" src=\"https:\/\/dstrctberlin.com\/wp-content\/uploads\/2024\/07\/DSTRCTberlin-lounge-home24_HGEsch-1.jpg\" alt=\"\" \/>\n\t\t\t\t\t\t\t\t\t\t<\/a>\n\t\t\t\t\t\t\t\t\t\t\t\t\t\t\t\t<\/div>\n\t\t\t\t\t\t\t\t\t\t\t\t\t<div class=\"item width\">\n\t\t\t\t\t\t\t\t\t\t\t\t\t\t\t\t\t\t<a href=\"https:\/\/dstrctberlin.com\/wp-content\/uploads\/2024\/07\/EP04219-0176_AWIN.jpg\">\n\t\t\t\t\t\t\t\t\t\t\t<img decoding=\"async\" loading=\"lazy\" src=\"https:\/\/dstrctberlin.com\/wp-content\/uploads\/2024\/07\/EP04219-0176_AWIN.jpg\" alt=\"\" \/>\n\t\t\t\t\t\t\t\t\t\t<\/a>\n\t\t\t\t\t\t\t\t\t\t\t\t\t\t\t\t<\/div>\n\t\t\t\t\t\t\t\t\t\t\t\t\t<div class=\"item square\">\n\t\t\t\t\t\t\t\t\t\t\t\t\t\t\t\t\t\t<a href=\"https:\/\/dstrctberlin.com\/wp-content\/uploads\/2024\/07\/EP04219-0126_home24.jpg\">\n\t\t\t\t\t\t\t\t\t\t\t<img decoding=\"async\" loading=\"lazy\" src=\"https:\/\/dstrctberlin.com\/wp-content\/uploads\/2024\/07\/EP04219-0126_home24.jpg\" alt=\"\" \/>\n\t\t\t\t\t\t\t\t\t\t<\/a>\n\t\t\t\t\t\t\t\t\t\t\t\t\t\t\t\t<\/div>\n\t\t\t\t\t\t\t\t\t\t\t\t\t<div class=\"item square\">\n\t\t\t\t\t\t\t\t\t\t\t\t\t\t\t\t\t\t<div class=\"text\">\n\t\t\t\t\t\t\t\t\t\t\t<h3>Drive-in Fahrradgarage, Duschen, Spints und Umkleider\u00e4ume f\u00fcr Mitarbeiter. Das motiviert zu mehr Bewegung, ist nachhaltig und f\u00fchrt zudem zu einem besseren Wohlbefinden.<\/h3>\n\t\t\t\t\t\t\t\t\t\t<\/div>\n\t\t\t\t\t\t\t\t\t\t\t\t\t\t\t\t<\/div>\n\t\t\t\t\t\t\t\t\t\t\t\t\t<div class=\"item width\">\n\t\t\t\t\t\t\t\t\t\t\t\t\t\t\t\t\t\t<a href=\"https:\/\/dstrctberlin.com\/wp-content\/uploads\/2024\/07\/DSTRCTberlin-bike-garage_crossroads_HGEsch-1.jpg\">\n\t\t\t\t\t\t\t\t\t\t\t<img decoding=\"async\" loading=\"lazy\" src=\"https:\/\/dstrctberlin.com\/wp-content\/uploads\/2024\/07\/DSTRCTberlin-bike-garage_crossroads_HGEsch-1.jpg\" alt=\"\" \/>\n\t\t\t\t\t\t\t\t\t\t<\/a>\n\t\t\t\t\t\t\t\t\t\t\t\t\t\t\t\t<\/div>\n\t\t\t\t\t\t\t\t\t\t\t\t\t<div class=\"item width\">\n\t\t\t\t\t\t\t\t\t\t\t\t\t\t\t\t\t\t<a href=\"https:\/\/dstrctberlin.com\/wp-content\/uploads\/2024\/07\/JR_Friedrichshain_Freihantelbereich-scaled.jpg\">\n\t\t\t\t\t\t\t\t\t\t\t<img decoding=\"async\" loading=\"lazy\" src=\"https:\/\/dstrctberlin.com\/wp-content\/uploads\/2024\/07\/JR_Friedrichshain_Freihantelbereich-scaled.jpg\" alt=\"\" \/>\n\t\t\t\t\t\t\t\t\t\t<\/a>\n\t\t\t\t\t\t\t\t\t\t\t\t\t\t\t\t<\/div>\n\t\t\t\t\t\t\t\t\t\t\t\t\t<div class=\"item square\">\n\t\t\t\t\t\t\t\t\t\t\t\t\t\t\t\t\t\t<a href=\"https:\/\/dstrctberlin.com\/wp-content\/uploads\/2024\/07\/DSTRCTberlin-old-and-new_HG-Esch.jpg\">\n\t\t\t\t\t\t\t\t\t\t\t<img decoding=\"async\" loading=\"lazy\" src=\"https:\/\/dstrctberlin.com\/wp-content\/uploads\/2024\/07\/DSTRCTberlin-old-and-new_HG-Esch.jpg\" alt=\"\" \/>\n\t\t\t\t\t\t\t\t\t\t<\/a>\n\t\t\t\t\t\t\t\t\t\t\t\t\t\t\t\t<\/div>\n\t\t\t\t\t\t\t\t\t\t\t\t\t<div class=\"item square\">\n\t\t\t\t\t\t\t\t\t\t\t\t\t\t\t\t\t\t<div class=\"text\">\n\t\t\t\t\t\t\t\t\t\t\t<h3>Kurze Zug\u00e4nge zu Au\u00dfenloggien und zur Panorama-Dachterrasse sorgen f\u00fcr beste Laune.<\/h3>\n\t\t\t\t\t\t\t\t\t\t<\/div>\n\t\t\t\t\t\t\t\t\t\t\t\t\t\t\t\t<\/div>\n\t\t\t\t\t\t\t\t\t\t\t\t\t<div class=\"item width\">\n\t\t\t\t\t\t\t\t\t\t\t\t\t\t\t\t\t\t<a href=\"https:\/\/dstrctberlin.com\/wp-content\/uploads\/2024\/07\/DSTRCTberlin-terrace_HGEsch-scaled.jpg\">\n\t\t\t\t\t\t\t\t\t\t\t<img decoding=\"async\" loading=\"lazy\" src=\"https:\/\/dstrctberlin.com\/wp-content\/uploads\/2024\/07\/DSTRCTberlin-terrace_HGEsch-scaled.jpg\" alt=\"\" \/>\n\t\t\t\t\t\t\t\t\t\t<\/a>\n\t\t\t\t\t\t\t\t\t\t\t\t\t\t\t\t<\/div>\n\t\t\t\t\t\t\t\t\t\t\t\t\t<div class=\"item width\">\n\t\t\t\t\t\t\t\t\t\t\t\t\t\t\t\t\t\t<a href=\"https:\/\/dstrctberlin.com\/wp-content\/uploads\/2024\/07\/DSTRCTberlin_terrace_HGEsch-1-scaled.jpg\">\n\t\t\t\t\t\t\t\t\t\t\t<img decoding=\"async\" loading=\"lazy\" src=\"https:\/\/dstrctberlin.com\/wp-content\/uploads\/2024\/07\/DSTRCTberlin_terrace_HGEsch-1-scaled.jpg\" alt=\"\" \/>\n\t\t\t\t\t\t\t\t\t\t<\/a>\n\t\t\t\t\t\t\t\t\t\t\t\t\t\t\t\t<\/div>\n\t\t\t\t\t\t\t\t\t\t\t\t\t<div class=\"item square\">\n\t\t\t\t\t\t\t\t\t\t\t\t\t\t\t\t\t\t<div class=\"text\">\n\t\t\t\t\t\t\t\t\t\t\t<h3>Beeindruckend riesige B\u00e4ume in den Innenh\u00f6fen laden zu einer wunderbar kleinen Pause und zum tief durchatmen ein.<\/h3>\n\t\t\t\t\t\t\t\t\t\t<\/div>\n\t\t\t\t\t\t\t\t\t\t\t\t\t\t\t\t<\/div>\n\t\t\t\t\t\t\t\t\t\t\t\t\t<div class=\"item square\">\n\t\t\t\t\t\t\t\t\t\t\t\t\t\t\t\t\t\t<a href=\"https:\/\/dstrctberlin.com\/wp-content\/uploads\/2022\/11\/EP04219-0184.jpg\">\n\t\t\t\t\t\t\t\t\t\t\t<img decoding=\"async\" loading=\"lazy\" src=\"https:\/\/dstrctberlin.com\/wp-content\/uploads\/2022\/11\/EP04219-0184.jpg\" alt=\"\" \/>\n\t\t\t\t\t\t\t\t\t\t<\/a>\n\t\t\t\t\t\t\t\t\t\t\t\t\t\t\t\t<\/div>\n\t\t\t\t\t\t\t\t\t\t\t\t\t<div class=\"item width\">\n\t\t\t\t\t\t\t\t\t\t\t\t\t\t\t\t\t\t<a href=\"https:\/\/dstrctberlin.com\/wp-content\/uploads\/2022\/12\/EP04219-0090.jpg\">\n\t\t\t\t\t\t\t\t\t\t\t<img decoding=\"async\" loading=\"lazy\" src=\"https:\/\/dstrctberlin.com\/wp-content\/uploads\/2022\/12\/EP04219-0090.jpg\" alt=\"\" \/>\n\t\t\t\t\t\t\t\t\t\t<\/a>\n\t\t\t\t\t\t\t\t\t\t\t\t\t\t\t\t<\/div>\n\t\t\t\t\t\t\t\t\t\t\t\t\t<div class=\"item width\">\n\t\t\t\t\t\t\t\t\t\t\t\t\t\t\t\t\t\t<a href=\"https:\/\/dstrctberlin.com\/wp-content\/uploads\/2024\/07\/JR_Friedrichshain_Lounge-1-scaled.jpg\">\n\t\t\t\t\t\t\t\t\t\t\t<img decoding=\"async\" loading=\"lazy\" src=\"https:\/\/dstrctberlin.com\/wp-content\/uploads\/2024\/07\/JR_Friedrichshain_Lounge-1-scaled.jpg\" alt=\"\" \/>\n\t\t\t\t\t\t\t\t\t\t<\/a>\n\t\t\t\t\t\t\t\t\t\t\t\t\t\t\t\t<\/div>\n\t\t\t\t\t\t\t\t\t\t\t\t\t<div class=\"item square\">\n\t\t\t\t\t\t\t\t\t\t\t\t\t\t\t\t\t\t<div class=\"text\">\n\t\t\t\t\t\t\t\t\t\t\t<h3>Au\u00dfergew\u00f6hnliche und lichtdurchflutete Arbeitswelten mit bis zu neun Meter hohen Decken. Diese Atmosph\u00e4re ist beeindruckend. F\u00fcr kreative Unternehmen, die sich gerne abheben.<\/h3>\n\t\t\t\t\t\t\t\t\t\t<\/div>\n\t\t\t\t\t\t\t\t\t\t\t\t\t\t\t\t<\/div>\n\t\t\t\t\t\t\t\t\t\t\t\t\t<div class=\"item square\">\n\t\t\t\t\t\t\t\t\t\t\t\t\t\t\t\t\t\t<a href=\"https:\/\/dstrctberlin.com\/wp-content\/uploads\/2023\/02\/EP04219-0159_AWIN.jpg\">\n\t\t\t\t\t\t\t\t\t\t\t<img decoding=\"async\" loading=\"lazy\" src=\"https:\/\/dstrctberlin.com\/wp-content\/uploads\/2023\/02\/EP04219-0159_AWIN.jpg\" alt=\"\" \/>\n\t\t\t\t\t\t\t\t\t\t<\/a>\n\t\t\t\t\t\t\t\t\t\t\t\t\t\t\t\t<\/div>\n\t\t\t\t\t\t\t\t\t\t\t\t\t<div class=\"item width\">\n\t\t\t\t\t\t\t\t\t\t\t\t\t\t\t\t\t\t<a href=\"https:\/\/dstrctberlin.com\/wp-content\/uploads\/2024\/07\/EP04219-0028-scaled.jpg\">\n\t\t\t\t\t\t\t\t\t\t\t<img decoding=\"async\" loading=\"lazy\" src=\"https:\/\/dstrctberlin.com\/wp-content\/uploads\/2024\/07\/EP04219-0028-scaled.jpg\" alt=\"\" \/>\n\t\t\t\t\t\t\t\t\t\t<\/a>\n\t\t\t\t\t\t\t\t\t\t\t\t\t\t\t\t<\/div>\n\t\t\t\t\t\t\t\t\t<\/div>\n\t\t<\/div>\n\t<\/div>\n<\/section>","protected":false},"excerpt":{"rendered":"","protected":false},"author":1,"featured_media":0,"parent":0,"menu_order":0,"comment_status":"closed","ping_status":"closed","template":"","meta":{"_acf_changed":false,"inline_featured_image":false,"footnotes":""},"class_list":["post-544","page","type-page","status-publish","hentry"],"acf":[],"yoast_head":"<!-- This site is optimized with the Yoast SEO plugin v27.3 - https:\/\/yoast.com\/product\/yoast-seo-wordpress\/ -->\n<title>Galerie - DSTRCT.Berlin<\/title>\n<meta name=\"description\" content=\"Genie\u00dfen Sie die sonnen\u00fcberfluteten Terrassen, den atemberaubenden Eingangsbereich, das wundervolle Garden Level, die beeindruckende Fahrradgarage und den Charme der historischen Alten Hallen.\" \/>\n<meta name=\"robots\" content=\"index, follow, max-snippet:-1, max-image-preview:large, max-video-preview:-1\" \/>\n<link rel=\"canonical\" href=\"https:\/\/dstrctberlin.com\/de\/gallery\/\" \/>\n<meta property=\"og:locale\" content=\"de_DE\" \/>\n<meta property=\"og:type\" content=\"article\" \/>\n<meta property=\"og:title\" content=\"Galerie - DSTRCT.Berlin\" \/>\n<meta property=\"og:description\" content=\"Genie\u00dfen Sie die sonnen\u00fcberfluteten Terrassen, den atemberaubenden Eingangsbereich, das wundervolle Garden Level, die beeindruckende Fahrradgarage und den Charme der historischen Alten Hallen.\" \/>\n<meta property=\"og:url\" content=\"https:\/\/dstrctberlin.com\/de\/gallery\/\" \/>\n<meta property=\"og:site_name\" content=\"DSTRCT.Berlin\" \/>\n<meta property=\"article:modified_time\" content=\"2024-07-29T13:13:45+00:00\" \/>\n<meta property=\"og:image\" content=\"https:\/\/dstrctberlin.com\/wp-content\/uploads\/2021\/03\/screenshot.png\" \/>\n\t<meta property=\"og:image:width\" content=\"1200\" \/>\n\t<meta property=\"og:image:height\" content=\"640\" \/>\n\t<meta property=\"og:image:type\" content=\"image\/png\" \/>\n<meta name=\"twitter:card\" content=\"summary_large_image\" \/>\n<script type=\"application\/ld+json\" class=\"yoast-schema-graph\">{\"@context\":\"https:\\\/\\\/schema.org\",\"@graph\":[{\"@type\":\"WebPage\",\"@id\":\"https:\\\/\\\/dstrctberlin.com\\\/de\\\/gallery\\\/\",\"url\":\"https:\\\/\\\/dstrctberlin.com\\\/de\\\/gallery\\\/\",\"name\":\"Galerie - DSTRCT.Berlin\",\"isPartOf\":{\"@id\":\"https:\\\/\\\/dstrctberlin.com\\\/de\\\/#website\"},\"datePublished\":\"2021-03-29T08:04:58+00:00\",\"dateModified\":\"2024-07-29T13:13:45+00:00\",\"description\":\"Genie\u00dfen Sie die sonnen\u00fcberfluteten Terrassen, den atemberaubenden Eingangsbereich, das wundervolle Garden Level, die beeindruckende Fahrradgarage und den Charme der historischen Alten Hallen.\",\"breadcrumb\":{\"@id\":\"https:\\\/\\\/dstrctberlin.com\\\/de\\\/gallery\\\/#breadcrumb\"},\"inLanguage\":\"de\",\"potentialAction\":[{\"@type\":\"ReadAction\",\"target\":[\"https:\\\/\\\/dstrctberlin.com\\\/de\\\/gallery\\\/\"]}]},{\"@type\":\"BreadcrumbList\",\"@id\":\"https:\\\/\\\/dstrctberlin.com\\\/de\\\/gallery\\\/#breadcrumb\",\"itemListElement\":[{\"@type\":\"ListItem\",\"position\":1,\"name\":\"Home\",\"item\":\"https:\\\/\\\/dstrctberlin.com\\\/de\\\/\"},{\"@type\":\"ListItem\",\"position\":2,\"name\":\"Galerie\"}]},{\"@type\":\"WebSite\",\"@id\":\"https:\\\/\\\/dstrctberlin.com\\\/de\\\/#website\",\"url\":\"https:\\\/\\\/dstrctberlin.com\\\/de\\\/\",\"name\":\"DSTRCT.Berlin\",\"description\":\"Work. Eat. Meet.\",\"potentialAction\":[{\"@type\":\"SearchAction\",\"target\":{\"@type\":\"EntryPoint\",\"urlTemplate\":\"https:\\\/\\\/dstrctberlin.com\\\/de\\\/?s={search_term_string}\"},\"query-input\":{\"@type\":\"PropertyValueSpecification\",\"valueRequired\":true,\"valueName\":\"search_term_string\"}}],\"inLanguage\":\"de\"}]}<\/script>\n<!-- \/ Yoast SEO plugin. -->","yoast_head_json":{"title":"Galerie - DSTRCT.Berlin","description":"Genie\u00dfen Sie die sonnen\u00fcberfluteten Terrassen, den atemberaubenden Eingangsbereich, das wundervolle Garden Level, die beeindruckende Fahrradgarage und den Charme der historischen Alten Hallen.","robots":{"index":"index","follow":"follow","max-snippet":"max-snippet:-1","max-image-preview":"max-image-preview:large","max-video-preview":"max-video-preview:-1"},"canonical":"https:\/\/dstrctberlin.com\/de\/gallery\/","og_locale":"de_DE","og_type":"article","og_title":"Galerie - DSTRCT.Berlin","og_description":"Genie\u00dfen Sie die sonnen\u00fcberfluteten Terrassen, den atemberaubenden Eingangsbereich, das wundervolle Garden Level, die beeindruckende Fahrradgarage und den Charme der historischen Alten Hallen.","og_url":"https:\/\/dstrctberlin.com\/de\/gallery\/","og_site_name":"DSTRCT.Berlin","article_modified_time":"2024-07-29T13:13:45+00:00","og_image":[{"width":1200,"height":640,"url":"https:\/\/dstrctberlin.com\/wp-content\/uploads\/2021\/03\/screenshot.png","type":"image\/png"}],"twitter_card":"summary_large_image","schema":{"@context":"https:\/\/schema.org","@graph":[{"@type":"WebPage","@id":"https:\/\/dstrctberlin.com\/de\/gallery\/","url":"https:\/\/dstrctberlin.com\/de\/gallery\/","name":"Galerie - DSTRCT.Berlin","isPartOf":{"@id":"https:\/\/dstrctberlin.com\/de\/#website"},"datePublished":"2021-03-29T08:04:58+00:00","dateModified":"2024-07-29T13:13:45+00:00","description":"Genie\u00dfen Sie die sonnen\u00fcberfluteten Terrassen, den atemberaubenden Eingangsbereich, das wundervolle Garden Level, die beeindruckende Fahrradgarage und den Charme der historischen Alten Hallen.","breadcrumb":{"@id":"https:\/\/dstrctberlin.com\/de\/gallery\/#breadcrumb"},"inLanguage":"de","potentialAction":[{"@type":"ReadAction","target":["https:\/\/dstrctberlin.com\/de\/gallery\/"]}]},{"@type":"BreadcrumbList","@id":"https:\/\/dstrctberlin.com\/de\/gallery\/#breadcrumb","itemListElement":[{"@type":"ListItem","position":1,"name":"Home","item":"https:\/\/dstrctberlin.com\/de\/"},{"@type":"ListItem","position":2,"name":"Galerie"}]},{"@type":"WebSite","@id":"https:\/\/dstrctberlin.com\/de\/#website","url":"https:\/\/dstrctberlin.com\/de\/","name":"DSTRCT.Berlin","description":"Work. Eat. Meet.","potentialAction":[{"@type":"SearchAction","target":{"@type":"EntryPoint","urlTemplate":"https:\/\/dstrctberlin.com\/de\/?s={search_term_string}"},"query-input":{"@type":"PropertyValueSpecification","valueRequired":true,"valueName":"search_term_string"}}],"inLanguage":"de"}]}},"_links":{"self":[{"href":"https:\/\/dstrctberlin.com\/de\/wp-json\/wp\/v2\/pages\/544","targetHints":{"allow":["GET"]}}],"collection":[{"href":"https:\/\/dstrctberlin.com\/de\/wp-json\/wp\/v2\/pages"}],"about":[{"href":"https:\/\/dstrctberlin.com\/de\/wp-json\/wp\/v2\/types\/page"}],"author":[{"embeddable":true,"href":"https:\/\/dstrctberlin.com\/de\/wp-json\/wp\/v2\/users\/1"}],"replies":[{"embeddable":true,"href":"https:\/\/dstrctberlin.com\/de\/wp-json\/wp\/v2\/comments?post=544"}],"version-history":[{"count":6,"href":"https:\/\/dstrctberlin.com\/de\/wp-json\/wp\/v2\/pages\/544\/revisions"}],"predecessor-version":[{"id":4222,"href":"https:\/\/dstrctberlin.com\/de\/wp-json\/wp\/v2\/pages\/544\/revisions\/4222"}],"wp:attachment":[{"href":"https:\/\/dstrctberlin.com\/de\/wp-json\/wp\/v2\/media?parent=544"}],"curies":[{"name":"wp","href":"https:\/\/api.w.org\/{rel}","templated":true}]}}